{"id":311,"date":"2024-12-20T09:49:27","date_gmt":"2024-12-20T08:49:27","guid":{"rendered":"http:\/\/agrimott.fr\/?page_id=311"},"modified":"2025-06-05T11:41:44","modified_gmt":"2025-06-05T09:41:44","slug":"vis-metaux","status":"publish","type":"page","link":"http:\/\/agrimott.fr\/index.php\/vis-metaux\/","title":{"rendered":"Vis M\u00e9taux"},"content":{"rendered":"\n<div class=\"wp-block-columns is-layout-flex wp-container-core-columns-is-layout-9d6595d7 wp-block-columns-is-layout-flex\">\n<div class=\"wp-block-column is-layout-flow wp-block-column-is-layout-flow\">\n<div class=\"wp-block-buttons is-layout-flex wp-block-buttons-is-layout-flex\">\n<div class=\"wp-block-button\"><a class=\"wp-block-button__link has-white-color has-text-color has-link-color wp-element-button\" style=\"font-style:normal;font-weight:500\">Vis M\u00e9taux \u00e0 T\u00eate Frais\u00e9e<\/a><\/div>\n<\/div>\n\n\n<div class=\"wp-block-image\">\n<figure class=\"aligncenter size-full is-resized\"><img loading=\"lazy\" decoding=\"async\" width=\"474\" height=\"474\" src=\"http:\/\/agrimott.fr\/wp-content\/uploads\/2024\/12\/OIP-13.jpg\" alt=\"\" class=\"wp-image-312\" style=\"width:250px\" srcset=\"http:\/\/agrimott.fr\/wp-content\/uploads\/2024\/12\/OIP-13.jpg 474w, http:\/\/agrimott.fr\/wp-content\/uploads\/2024\/12\/OIP-13-300x300.jpg 300w, http:\/\/agrimott.fr\/wp-content\/uploads\/2024\/12\/OIP-13-150x150.jpg 150w\" sizes=\"auto, (max-width: 474px) 100vw, 474px\" \/><\/figure>\n<\/div><\/div>\n\n\n\n<div class=\"wp-block-column is-layout-flow wp-block-column-is-layout-flow\">\n<div class=\"wp-block-buttons is-layout-flex wp-block-buttons-is-layout-flex\">\n<div class=\"wp-block-button\"><a class=\"wp-block-button__link has-white-color has-text-color has-link-color wp-element-button\" style=\"font-style:normal;font-weight:500\">Vis M\u00e9taux \u00e0 T\u00eate bomb\u00e9e<\/a><\/div>\n<\/div>\n\n\n<div class=\"wp-block-image\">\n<figure class=\"aligncenter size-full is-resized\"><img loading=\"lazy\" decoding=\"async\" width=\"750\" height=\"930\" src=\"http:\/\/agrimott.fr\/wp-content\/uploads\/2024\/12\/a2-7985-05x020-vis-tete-cylindrique-large-cruciforme-5x20-aisi304-met-tcl5x20-lot-de-50.jpg\" alt=\"\" class=\"wp-image-314\" style=\"width:250px\" srcset=\"http:\/\/agrimott.fr\/wp-content\/uploads\/2024\/12\/a2-7985-05x020-vis-tete-cylindrique-large-cruciforme-5x20-aisi304-met-tcl5x20-lot-de-50.jpg 750w, http:\/\/agrimott.fr\/wp-content\/uploads\/2024\/12\/a2-7985-05x020-vis-tete-cylindrique-large-cruciforme-5x20-aisi304-met-tcl5x20-lot-de-50-242x300.jpg 242w\" sizes=\"auto, (max-width: 750px) 100vw, 750px\" \/><\/figure>\n<\/div><\/div>\n\n\n\n<div class=\"wp-block-column is-layout-flow wp-block-column-is-layout-flow\">\n<div class=\"wp-block-buttons is-layout-flex wp-block-buttons-is-layout-flex\">\n<div class=\"wp-block-button\"><a class=\"wp-block-button__link has-white-color has-text-color has-link-color wp-element-button\" style=\"font-style:normal;font-weight:500\">Vis M\u00e9taux \u00e0 T\u00eate Cylindrique<\/a><\/div>\n<\/div>\n\n\n<div class=\"wp-block-image\">\n<figure class=\"aligncenter size-full is-resized\"><img loading=\"lazy\" decoding=\"async\" width=\"537\" height=\"537\" src=\"http:\/\/agrimott.fr\/wp-content\/uploads\/2024\/12\/TCXISOZN-0001.jpg\" alt=\"\" class=\"wp-image-315\" style=\"width:250px\" srcset=\"http:\/\/agrimott.fr\/wp-content\/uploads\/2024\/12\/TCXISOZN-0001.jpg 537w, http:\/\/agrimott.fr\/wp-content\/uploads\/2024\/12\/TCXISOZN-0001-300x300.jpg 300w, http:\/\/agrimott.fr\/wp-content\/uploads\/2024\/12\/TCXISOZN-0001-150x150.jpg 150w\" sizes=\"auto, (max-width: 537px) 100vw, 537px\" \/><\/figure>\n<\/div><\/div>\n<\/div>\n","protected":false},"excerpt":{"rendered":"","protected":false},"author":1,"featured_media":0,"parent":0,"menu_order":0,"comment_status":"closed","ping_status":"closed","template":"","meta":{"footnotes":""},"class_list":["post-311","page","type-page","status-publish","hentry"],"yoast_head":"<!-- This site is optimized with the Yoast SEO plugin v23.9 - https:\/\/yoast.com\/wordpress\/plugins\/seo\/ -->\n<title>Vis M\u00e9taux - AGRIMOTT<\/title>\n<meta name=\"robots\" content=\"noindex, follow, max-snippet:-1, max-image-preview:large, max-video-preview:-1\" \/>\n<meta property=\"og:locale\" content=\"fr_FR\" \/>\n<meta property=\"og:type\" content=\"article\" \/>\n<meta property=\"og:title\" content=\"Vis M\u00e9taux - AGRIMOTT\" \/>\n<meta property=\"og:url\" content=\"http:\/\/agrimott.fr\/index.php\/vis-metaux\/\" \/>\n<meta property=\"og:site_name\" content=\"AGRIMOTT\" \/>\n<meta property=\"article:modified_time\" content=\"2025-06-05T09:41:44+00:00\" \/>\n<meta property=\"og:image\" content=\"http:\/\/agrimott.fr\/wp-content\/uploads\/2024\/12\/OIP-13.jpg\" \/>\n<meta name=\"twitter:card\" content=\"summary_large_image\" \/>\n<meta name=\"twitter:label1\" content=\"Dur\u00e9e de lecture estim\u00e9e\" \/>\n\t<meta name=\"twitter:data1\" content=\"1 minute\" \/>\n<script type=\"application\/ld+json\" class=\"yoast-schema-graph\">{\"@context\":\"https:\/\/schema.org\",\"@graph\":[{\"@type\":\"WebPage\",\"@id\":\"http:\/\/agrimott.fr\/index.php\/vis-metaux\/\",\"url\":\"http:\/\/agrimott.fr\/index.php\/vis-metaux\/\",\"name\":\"Vis M\u00e9taux - AGRIMOTT\",\"isPartOf\":{\"@id\":\"http:\/\/agrimott.fr\/#website\"},\"primaryImageOfPage\":{\"@id\":\"http:\/\/agrimott.fr\/index.php\/vis-metaux\/#primaryimage\"},\"image\":{\"@id\":\"http:\/\/agrimott.fr\/index.php\/vis-metaux\/#primaryimage\"},\"thumbnailUrl\":\"http:\/\/agrimott.fr\/wp-content\/uploads\/2024\/12\/OIP-13.jpg\",\"datePublished\":\"2024-12-20T08:49:27+00:00\",\"dateModified\":\"2025-06-05T09:41:44+00:00\",\"breadcrumb\":{\"@id\":\"http:\/\/agrimott.fr\/index.php\/vis-metaux\/#breadcrumb\"},\"inLanguage\":\"fr-FR\",\"potentialAction\":[{\"@type\":\"ReadAction\",\"target\":[\"http:\/\/agrimott.fr\/index.php\/vis-metaux\/\"]}]},{\"@type\":\"ImageObject\",\"inLanguage\":\"fr-FR\",\"@id\":\"http:\/\/agrimott.fr\/index.php\/vis-metaux\/#primaryimage\",\"url\":\"http:\/\/agrimott.fr\/wp-content\/uploads\/2024\/12\/OIP-13.jpg\",\"contentUrl\":\"http:\/\/agrimott.fr\/wp-content\/uploads\/2024\/12\/OIP-13.jpg\",\"width\":474,\"height\":474},{\"@type\":\"BreadcrumbList\",\"@id\":\"http:\/\/agrimott.fr\/index.php\/vis-metaux\/#breadcrumb\",\"itemListElement\":[{\"@type\":\"ListItem\",\"position\":1,\"name\":\"Accueil\",\"item\":\"http:\/\/agrimott.fr\/\"},{\"@type\":\"ListItem\",\"position\":2,\"name\":\"Vis M\u00e9taux\"}]},{\"@type\":\"WebSite\",\"@id\":\"http:\/\/agrimott.fr\/#website\",\"url\":\"http:\/\/agrimott.fr\/\",\"name\":\"AGRIMOTT\",\"description\":\"\",\"publisher\":{\"@id\":\"http:\/\/agrimott.fr\/#organization\"},\"potentialAction\":[{\"@type\":\"SearchAction\",\"target\":{\"@type\":\"EntryPoint\",\"urlTemplate\":\"http:\/\/agrimott.fr\/?s={search_term_string}\"},\"query-input\":{\"@type\":\"PropertyValueSpecification\",\"valueRequired\":true,\"valueName\":\"search_term_string\"}}],\"inLanguage\":\"fr-FR\"},{\"@type\":\"Organization\",\"@id\":\"http:\/\/agrimott.fr\/#organization\",\"name\":\"AGRIMOTT\",\"url\":\"http:\/\/agrimott.fr\/\",\"logo\":{\"@type\":\"ImageObject\",\"inLanguage\":\"fr-FR\",\"@id\":\"http:\/\/agrimott.fr\/#\/schema\/logo\/image\/\",\"url\":\"http:\/\/agrimott.fr\/wp-content\/uploads\/2024\/11\/cropped-LOGO-AGRIMOTT-NOIR-TRANSPARENT-SLOGAN.png\",\"contentUrl\":\"http:\/\/agrimott.fr\/wp-content\/uploads\/2024\/11\/cropped-LOGO-AGRIMOTT-NOIR-TRANSPARENT-SLOGAN.png\",\"width\":2997,\"height\":1498,\"caption\":\"AGRIMOTT\"},\"image\":{\"@id\":\"http:\/\/agrimott.fr\/#\/schema\/logo\/image\/\"}}]}<\/script>\n<!-- \/ Yoast SEO plugin. -->","yoast_head_json":{"title":"Vis M\u00e9taux - AGRIMOTT","robots":{"index":"noindex","follow":"follow","max-snippet":"max-snippet:-1","max-image-preview":"max-image-preview:large","max-video-preview":"max-video-preview:-1"},"og_locale":"fr_FR","og_type":"article","og_title":"Vis M\u00e9taux - AGRIMOTT","og_url":"http:\/\/agrimott.fr\/index.php\/vis-metaux\/","og_site_name":"AGRIMOTT","article_modified_time":"2025-06-05T09:41:44+00:00","og_image":[{"url":"http:\/\/agrimott.fr\/wp-content\/uploads\/2024\/12\/OIP-13.jpg"}],"twitter_card":"summary_large_image","twitter_misc":{"Dur\u00e9e de lecture estim\u00e9e":"1 minute"},"schema":{"@context":"https:\/\/schema.org","@graph":[{"@type":"WebPage","@id":"http:\/\/agrimott.fr\/index.php\/vis-metaux\/","url":"http:\/\/agrimott.fr\/index.php\/vis-metaux\/","name":"Vis M\u00e9taux - AGRIMOTT","isPartOf":{"@id":"http:\/\/agrimott.fr\/#website"},"primaryImageOfPage":{"@id":"http:\/\/agrimott.fr\/index.php\/vis-metaux\/#primaryimage"},"image":{"@id":"http:\/\/agrimott.fr\/index.php\/vis-metaux\/#primaryimage"},"thumbnailUrl":"http:\/\/agrimott.fr\/wp-content\/uploads\/2024\/12\/OIP-13.jpg","datePublished":"2024-12-20T08:49:27+00:00","dateModified":"2025-06-05T09:41:44+00:00","breadcrumb":{"@id":"http:\/\/agrimott.fr\/index.php\/vis-metaux\/#breadcrumb"},"inLanguage":"fr-FR","potentialAction":[{"@type":"ReadAction","target":["http:\/\/agrimott.fr\/index.php\/vis-metaux\/"]}]},{"@type":"ImageObject","inLanguage":"fr-FR","@id":"http:\/\/agrimott.fr\/index.php\/vis-metaux\/#primaryimage","url":"http:\/\/agrimott.fr\/wp-content\/uploads\/2024\/12\/OIP-13.jpg","contentUrl":"http:\/\/agrimott.fr\/wp-content\/uploads\/2024\/12\/OIP-13.jpg","width":474,"height":474},{"@type":"BreadcrumbList","@id":"http:\/\/agrimott.fr\/index.php\/vis-metaux\/#breadcrumb","itemListElement":[{"@type":"ListItem","position":1,"name":"Accueil","item":"http:\/\/agrimott.fr\/"},{"@type":"ListItem","position":2,"name":"Vis M\u00e9taux"}]},{"@type":"WebSite","@id":"http:\/\/agrimott.fr\/#website","url":"http:\/\/agrimott.fr\/","name":"AGRIMOTT","description":"","publisher":{"@id":"http:\/\/agrimott.fr\/#organization"},"potentialAction":[{"@type":"SearchAction","target":{"@type":"EntryPoint","urlTemplate":"http:\/\/agrimott.fr\/?s={search_term_string}"},"query-input":{"@type":"PropertyValueSpecification","valueRequired":true,"valueName":"search_term_string"}}],"inLanguage":"fr-FR"},{"@type":"Organization","@id":"http:\/\/agrimott.fr\/#organization","name":"AGRIMOTT","url":"http:\/\/agrimott.fr\/","logo":{"@type":"ImageObject","inLanguage":"fr-FR","@id":"http:\/\/agrimott.fr\/#\/schema\/logo\/image\/","url":"http:\/\/agrimott.fr\/wp-content\/uploads\/2024\/11\/cropped-LOGO-AGRIMOTT-NOIR-TRANSPARENT-SLOGAN.png","contentUrl":"http:\/\/agrimott.fr\/wp-content\/uploads\/2024\/11\/cropped-LOGO-AGRIMOTT-NOIR-TRANSPARENT-SLOGAN.png","width":2997,"height":1498,"caption":"AGRIMOTT"},"image":{"@id":"http:\/\/agrimott.fr\/#\/schema\/logo\/image\/"}}]}},"_links":{"self":[{"href":"http:\/\/agrimott.fr\/index.php\/wp-json\/wp\/v2\/pages\/311","targetHints":{"allow":["GET"]}}],"collection":[{"href":"http:\/\/agrimott.fr\/index.php\/wp-json\/wp\/v2\/pages"}],"about":[{"href":"http:\/\/agrimott.fr\/index.php\/wp-json\/wp\/v2\/types\/page"}],"author":[{"embeddable":true,"href":"http:\/\/agrimott.fr\/index.php\/wp-json\/wp\/v2\/users\/1"}],"replies":[{"embeddable":true,"href":"http:\/\/agrimott.fr\/index.php\/wp-json\/wp\/v2\/comments?post=311"}],"version-history":[{"count":6,"href":"http:\/\/agrimott.fr\/index.php\/wp-json\/wp\/v2\/pages\/311\/revisions"}],"predecessor-version":[{"id":1335,"href":"http:\/\/agrimott.fr\/index.php\/wp-json\/wp\/v2\/pages\/311\/revisions\/1335"}],"wp:attachment":[{"href":"http:\/\/agrimott.fr\/index.php\/wp-json\/wp\/v2\/media?parent=311"}],"curies":[{"name":"wp","href":"https:\/\/api.w.org\/{rel}","templated":true}]}}