{"id":318,"date":"2024-12-20T11:33:29","date_gmt":"2024-12-20T10:33:29","guid":{"rendered":"http:\/\/agrimott.fr\/?page_id=318"},"modified":"2025-04-30T09:09:10","modified_gmt":"2025-04-30T07:09:10","slug":"vis-metaux-a-empreinte-fendue","status":"publish","type":"page","link":"http:\/\/agrimott.fr\/index.php\/vis-metaux-a-empreinte-fendue\/","title":{"rendered":"Vis M\u00e9taux \u00e0 T\u00eate Frais\u00e9e Bomb\u00e9e"},"content":{"rendered":"\n<div class=\"wp-block-columns is-layout-flex wp-container-core-columns-is-layout-9d6595d7 wp-block-columns-is-layout-flex\">\n<div class=\"wp-block-column is-layout-flow wp-block-column-is-layout-flow\">\n<div class=\"wp-block-buttons is-layout-flex wp-block-buttons-is-layout-flex\">\n<div class=\"wp-block-button\"><a class=\"wp-block-button__link has-cyan-bluish-gray-background-color has-background has-custom-font-size wp-element-button\" style=\"font-size:20px;font-style:normal;font-weight:500\">T\u00eate Frais\u00e9e Bomb\u00e9e \u00e0 empreinte Fendue    DIN 964 Zingu\u00e9<\/a><\/div>\n<\/div>\n\n\n<div class=\"wp-block-image\">\n<figure class=\"aligncenter size-full is-resized\"><img loading=\"lazy\" decoding=\"async\" width=\"474\" height=\"474\" src=\"http:\/\/agrimott.fr\/wp-content\/uploads\/2024\/12\/OIP-18.jpg\" alt=\"\" class=\"wp-image-377\" style=\"width:250px\" srcset=\"http:\/\/agrimott.fr\/wp-content\/uploads\/2024\/12\/OIP-18.jpg 474w, http:\/\/agrimott.fr\/wp-content\/uploads\/2024\/12\/OIP-18-300x300.jpg 300w, http:\/\/agrimott.fr\/wp-content\/uploads\/2024\/12\/OIP-18-150x150.jpg 150w\" sizes=\"auto, (max-width: 474px) 100vw, 474px\" \/><\/figure>\n<\/div><\/div>\n\n\n\n<div class=\"wp-block-column is-layout-flow wp-block-column-is-layout-flow\">\n<div class=\"wp-block-buttons is-layout-flex wp-block-buttons-is-layout-flex\">\n<div class=\"wp-block-button\"><a class=\"wp-block-button__link wp-element-button\" style=\"font-style:normal;font-weight:500\">T\u00eate Frais\u00e9e Bomb\u00e9e \u00e0 empreinte Fendue    DIN 964 Zingu\u00e9 Bichro<\/a><\/div>\n<\/div>\n\n\n<div class=\"wp-block-image\">\n<figure class=\"aligncenter size-full is-resized\"><img loading=\"lazy\" decoding=\"async\" width=\"474\" height=\"474\" src=\"http:\/\/agrimott.fr\/wp-content\/uploads\/2024\/12\/OIP-19.jpg\" alt=\"\" class=\"wp-image-378\" style=\"width:250px\" srcset=\"http:\/\/agrimott.fr\/wp-content\/uploads\/2024\/12\/OIP-19.jpg 474w, http:\/\/agrimott.fr\/wp-content\/uploads\/2024\/12\/OIP-19-300x300.jpg 300w, http:\/\/agrimott.fr\/wp-content\/uploads\/2024\/12\/OIP-19-150x150.jpg 150w\" sizes=\"auto, (max-width: 474px) 100vw, 474px\" \/><\/figure>\n<\/div><\/div>\n\n\n\n<div class=\"wp-block-column is-layout-flow wp-block-column-is-layout-flow\">\n<div class=\"wp-block-buttons is-layout-flex wp-block-buttons-is-layout-flex\">\n<div class=\"wp-block-button\"><a class=\"wp-block-button__link has-pale-cyan-blue-background-color has-background wp-element-button\" style=\"font-style:normal;font-weight:500\">T\u00eate Frais\u00e9e Bomb\u00e9e \u00e0 empreinte Fondue    DIN 964 INOX A2<\/a><\/div>\n<\/div>\n\n\n<div class=\"wp-block-image\">\n<figure class=\"aligncenter size-full is-resized\"><img loading=\"lazy\" decoding=\"async\" width=\"474\" height=\"474\" src=\"http:\/\/agrimott.fr\/wp-content\/uploads\/2025\/02\/OIP-21.jpg\" alt=\"\" class=\"wp-image-477\" style=\"width:250px\" srcset=\"http:\/\/agrimott.fr\/wp-content\/uploads\/2025\/02\/OIP-21.jpg 474w, http:\/\/agrimott.fr\/wp-content\/uploads\/2025\/02\/OIP-21-300x300.jpg 300w, http:\/\/agrimott.fr\/wp-content\/uploads\/2025\/02\/OIP-21-150x150.jpg 150w\" sizes=\"auto, (max-width: 474px) 100vw, 474px\" \/><\/figure>\n<\/div><\/div>\n<\/div>\n\n\n\n<div class=\"wp-block-columns is-layout-flex wp-container-core-columns-is-layout-9d6595d7 wp-block-columns-is-layout-flex\">\n<div class=\"wp-block-column is-layout-flow wp-block-column-is-layout-flow\">\n<div class=\"wp-block-buttons is-layout-flex wp-block-buttons-is-layout-flex\">\n<div class=\"wp-block-button\"><a class=\"wp-block-button__link has-vivid-cyan-blue-background-color has-background wp-element-button\" style=\"font-style:normal;font-weight:500\">T\u00eate Frais\u00e9e Bomb\u00e9e \u00e0 empreinte Fondue    DIN 964 INOX A4<\/a><\/div>\n<\/div>\n\n\n<div class=\"wp-block-image\">\n<figure class=\"aligncenter size-full is-resized\"><img loading=\"lazy\" decoding=\"async\" width=\"474\" height=\"474\" src=\"http:\/\/agrimott.fr\/wp-content\/uploads\/2025\/02\/OIP-21-1.jpg\" alt=\"\" class=\"wp-image-478\" style=\"width:250px\" srcset=\"http:\/\/agrimott.fr\/wp-content\/uploads\/2025\/02\/OIP-21-1.jpg 474w, http:\/\/agrimott.fr\/wp-content\/uploads\/2025\/02\/OIP-21-1-300x300.jpg 300w, http:\/\/agrimott.fr\/wp-content\/uploads\/2025\/02\/OIP-21-1-150x150.jpg 150w\" sizes=\"auto, (max-width: 474px) 100vw, 474px\" \/><\/figure>\n<\/div><\/div>\n\n\n\n<div class=\"wp-block-column is-layout-flow wp-block-column-is-layout-flow\"><\/div>\n\n\n\n<div class=\"wp-block-column is-layout-flow wp-block-column-is-layout-flow\"><\/div>\n<\/div>\n\n\n\n<p class=\"has-text-align-center has-medium-font-size\"><strong>Fiche Technique DIN 964<\/strong><\/p>\n\n\n<div class=\"wp-block-image\">\n<figure class=\"aligncenter size-large is-resized\"><img loading=\"lazy\" decoding=\"async\" width=\"866\" height=\"1024\" src=\"http:\/\/agrimott.fr\/wp-content\/uploads\/2025\/02\/DIN-964--866x1024.jpg\" alt=\"\" class=\"wp-image-472\" style=\"width:526px;height:auto\" srcset=\"http:\/\/agrimott.fr\/wp-content\/uploads\/2025\/02\/DIN-964--866x1024.jpg 866w, http:\/\/agrimott.fr\/wp-content\/uploads\/2025\/02\/DIN-964--254x300.jpg 254w, http:\/\/agrimott.fr\/wp-content\/uploads\/2025\/02\/DIN-964--768x909.jpg 768w, http:\/\/agrimott.fr\/wp-content\/uploads\/2025\/02\/DIN-964--800x946.jpg 800w, http:\/\/agrimott.fr\/wp-content\/uploads\/2025\/02\/DIN-964-.jpg 951w\" sizes=\"auto, (max-width: 866px) 100vw, 866px\" \/><\/figure>\n<\/div>\n\n\n<p><\/p>\n\n\n\n<div class=\"wp-block-buttons is-layout-flex wp-block-buttons-is-layout-flex\">\n<div class=\"wp-block-button\"><a class=\"wp-block-button__link wp-element-button\">T\u00eate Frais\u00e9e Bomb\u00e9e \u00e0 empreinte cruciforme DIN 966 Zingu\u00e9<\/a><\/div>\n<\/div>\n\n\n<div class=\"wp-block-image\">\n<figure class=\"aligncenter size-full is-resized\"><img loading=\"lazy\" decoding=\"async\" width=\"200\" height=\"200\" src=\"http:\/\/agrimott.fr\/wp-content\/uploads\/2024\/12\/visserie-fixation-vis-a-metaux-tete-fraisee-bombee-empreinte-phillips-cruciforme-pozidrive-tfbz-din-966-acier-zingue-blanc-express-service-1166-1166-1166-1166.webp\" alt=\"\" class=\"wp-image-342\" style=\"width:271px;height:auto\" srcset=\"http:\/\/agrimott.fr\/wp-content\/uploads\/2024\/12\/visserie-fixation-vis-a-metaux-tete-fraisee-bombee-empreinte-phillips-cruciforme-pozidrive-tfbz-din-966-acier-zingue-blanc-express-service-1166-1166-1166-1166.webp 200w, http:\/\/agrimott.fr\/wp-content\/uploads\/2024\/12\/visserie-fixation-vis-a-metaux-tete-fraisee-bombee-empreinte-phillips-cruciforme-pozidrive-tfbz-din-966-acier-zingue-blanc-express-service-1166-1166-1166-1166-150x150.webp 150w\" sizes=\"auto, (max-width: 200px) 100vw, 200px\" \/><\/figure>\n<\/div>\n\n\n<p><\/p>\n\n\n\n<div class=\"wp-block-buttons is-layout-flex wp-block-buttons-is-layout-flex\">\n<div class=\"wp-block-button\"><a class=\"wp-block-button__link wp-element-button\">T\u00eate Frais\u00e9e Bomb\u00e9e \u00e0 empreinte cruciforme DIN 966 INOX A2<\/a><\/div>\n<\/div>\n\n\n<div class=\"wp-block-image\">\n<figure class=\"aligncenter size-full is-resized\"><img loading=\"lazy\" decoding=\"async\" width=\"552\" height=\"552\" src=\"http:\/\/agrimott.fr\/wp-content\/uploads\/2024\/12\/ed6AS08EKbOQvjZKFMF3nZkuE4g3M7bdsLFzf0bm.jpg\" alt=\"\" class=\"wp-image-338\" style=\"width:303px;height:auto\" srcset=\"http:\/\/agrimott.fr\/wp-content\/uploads\/2024\/12\/ed6AS08EKbOQvjZKFMF3nZkuE4g3M7bdsLFzf0bm.jpg 552w, http:\/\/agrimott.fr\/wp-content\/uploads\/2024\/12\/ed6AS08EKbOQvjZKFMF3nZkuE4g3M7bdsLFzf0bm-300x300.jpg 300w, http:\/\/agrimott.fr\/wp-content\/uploads\/2024\/12\/ed6AS08EKbOQvjZKFMF3nZkuE4g3M7bdsLFzf0bm-150x150.jpg 150w\" sizes=\"auto, (max-width: 552px) 100vw, 552px\" \/><figcaption class=\"wp-element-caption\"><strong>INOX A2<\/strong><\/figcaption><\/figure>\n<\/div>\n\n\n<p><\/p>\n\n\n\n<div class=\"wp-block-buttons is-layout-flex wp-block-buttons-is-layout-flex\">\n<div class=\"wp-block-button\"><a class=\"wp-block-button__link wp-element-button\">T\u00eate Frais\u00e9e Bomb\u00e9e \u00e0 empreinte cruciforme DIN 966 INOX A4<\/a><\/div>\n<\/div>\n\n\n<div class=\"wp-block-image\">\n<figure class=\"aligncenter size-full is-resized\"><img loading=\"lazy\" decoding=\"async\" width=\"552\" height=\"552\" src=\"http:\/\/agrimott.fr\/wp-content\/uploads\/2024\/12\/ed6AS08EKbOQvjZKFMF3nZkuE4g3M7bdsLFzf0bm.jpg\" alt=\"\" class=\"wp-image-338\" style=\"width:303px;height:auto\" srcset=\"http:\/\/agrimott.fr\/wp-content\/uploads\/2024\/12\/ed6AS08EKbOQvjZKFMF3nZkuE4g3M7bdsLFzf0bm.jpg 552w, http:\/\/agrimott.fr\/wp-content\/uploads\/2024\/12\/ed6AS08EKbOQvjZKFMF3nZkuE4g3M7bdsLFzf0bm-300x300.jpg 300w, http:\/\/agrimott.fr\/wp-content\/uploads\/2024\/12\/ed6AS08EKbOQvjZKFMF3nZkuE4g3M7bdsLFzf0bm-150x150.jpg 150w\" sizes=\"auto, (max-width: 552px) 100vw, 552px\" \/><figcaption class=\"wp-element-caption\"><strong>INOX A4<\/strong><\/figcaption><\/figure>\n<\/div>\n\n\n<p><\/p>\n\n\n\n<div class=\"wp-block-buttons is-layout-flex wp-block-buttons-is-layout-flex\">\n<div class=\"wp-block-button\"><a class=\"wp-block-button__link wp-element-button\">Fiche Technique DIN 966<\/a><\/div>\n<\/div>\n\n\n<div class=\"wp-block-image\">\n<figure class=\"aligncenter size-full is-resized\"><img loading=\"lazy\" decoding=\"async\" width=\"474\" height=\"512\" src=\"http:\/\/agrimott.fr\/wp-content\/uploads\/2025\/02\/OIP-20.jpg\" alt=\"\" class=\"wp-image-474\" style=\"width:514px;height:auto\" srcset=\"http:\/\/agrimott.fr\/wp-content\/uploads\/2025\/02\/OIP-20.jpg 474w, http:\/\/agrimott.fr\/wp-content\/uploads\/2025\/02\/OIP-20-278x300.jpg 278w\" sizes=\"auto, (max-width: 474px) 100vw, 474px\" \/><\/figure>\n<\/div>","protected":false},"excerpt":{"rendered":"<p>Fiche Technique DIN 964<\/p>\n","protected":false},"author":1,"featured_media":0,"parent":0,"menu_order":0,"comment_status":"closed","ping_status":"closed","template":"","meta":{"footnotes":""},"class_list":["post-318","page","type-page","status-publish","hentry"],"yoast_head":"<!-- This site is optimized with the Yoast SEO plugin v23.9 - https:\/\/yoast.com\/wordpress\/plugins\/seo\/ -->\n<title>Vis M\u00e9taux \u00e0 T\u00eate Frais\u00e9e Bomb\u00e9e - AGRIMOTT<\/title>\n<meta name=\"robots\" content=\"noindex, follow, max-snippet:-1, max-image-preview:large, max-video-preview:-1\" \/>\n<meta property=\"og:locale\" content=\"fr_FR\" \/>\n<meta property=\"og:type\" content=\"article\" \/>\n<meta property=\"og:title\" content=\"Vis M\u00e9taux \u00e0 T\u00eate Frais\u00e9e Bomb\u00e9e - AGRIMOTT\" \/>\n<meta property=\"og:description\" content=\"Fiche Technique DIN 964\" \/>\n<meta property=\"og:url\" content=\"http:\/\/agrimott.fr\/index.php\/vis-metaux-a-empreinte-fendue\/\" \/>\n<meta property=\"og:site_name\" content=\"AGRIMOTT\" \/>\n<meta property=\"article:modified_time\" content=\"2025-04-30T07:09:10+00:00\" \/>\n<meta property=\"og:image\" content=\"http:\/\/agrimott.fr\/wp-content\/uploads\/2024\/12\/OIP-18.jpg\" \/>\n<meta name=\"twitter:card\" content=\"summary_large_image\" \/>\n<meta name=\"twitter:label1\" content=\"Dur\u00e9e de lecture estim\u00e9e\" \/>\n\t<meta name=\"twitter:data1\" content=\"3 minutes\" \/>\n<script type=\"application\/ld+json\" class=\"yoast-schema-graph\">{\"@context\":\"https:\/\/schema.org\",\"@graph\":[{\"@type\":\"WebPage\",\"@id\":\"http:\/\/agrimott.fr\/index.php\/vis-metaux-a-empreinte-fendue\/\",\"url\":\"http:\/\/agrimott.fr\/index.php\/vis-metaux-a-empreinte-fendue\/\",\"name\":\"Vis M\u00e9taux \u00e0 T\u00eate Frais\u00e9e Bomb\u00e9e - AGRIMOTT\",\"isPartOf\":{\"@id\":\"http:\/\/agrimott.fr\/#website\"},\"primaryImageOfPage\":{\"@id\":\"http:\/\/agrimott.fr\/index.php\/vis-metaux-a-empreinte-fendue\/#primaryimage\"},\"image\":{\"@id\":\"http:\/\/agrimott.fr\/index.php\/vis-metaux-a-empreinte-fendue\/#primaryimage\"},\"thumbnailUrl\":\"http:\/\/agrimott.fr\/wp-content\/uploads\/2024\/12\/OIP-18.jpg\",\"datePublished\":\"2024-12-20T10:33:29+00:00\",\"dateModified\":\"2025-04-30T07:09:10+00:00\",\"breadcrumb\":{\"@id\":\"http:\/\/agrimott.fr\/index.php\/vis-metaux-a-empreinte-fendue\/#breadcrumb\"},\"inLanguage\":\"fr-FR\",\"potentialAction\":[{\"@type\":\"ReadAction\",\"target\":[\"http:\/\/agrimott.fr\/index.php\/vis-metaux-a-empreinte-fendue\/\"]}]},{\"@type\":\"ImageObject\",\"inLanguage\":\"fr-FR\",\"@id\":\"http:\/\/agrimott.fr\/index.php\/vis-metaux-a-empreinte-fendue\/#primaryimage\",\"url\":\"http:\/\/agrimott.fr\/wp-content\/uploads\/2024\/12\/OIP-18.jpg\",\"contentUrl\":\"http:\/\/agrimott.fr\/wp-content\/uploads\/2024\/12\/OIP-18.jpg\",\"width\":474,\"height\":474},{\"@type\":\"BreadcrumbList\",\"@id\":\"http:\/\/agrimott.fr\/index.php\/vis-metaux-a-empreinte-fendue\/#breadcrumb\",\"itemListElement\":[{\"@type\":\"ListItem\",\"position\":1,\"name\":\"Accueil\",\"item\":\"http:\/\/agrimott.fr\/\"},{\"@type\":\"ListItem\",\"position\":2,\"name\":\"Vis M\u00e9taux \u00e0 T\u00eate Frais\u00e9e Bomb\u00e9e\"}]},{\"@type\":\"WebSite\",\"@id\":\"http:\/\/agrimott.fr\/#website\",\"url\":\"http:\/\/agrimott.fr\/\",\"name\":\"AGRIMOTT\",\"description\":\"\",\"publisher\":{\"@id\":\"http:\/\/agrimott.fr\/#organization\"},\"potentialAction\":[{\"@type\":\"SearchAction\",\"target\":{\"@type\":\"EntryPoint\",\"urlTemplate\":\"http:\/\/agrimott.fr\/?s={search_term_string}\"},\"query-input\":{\"@type\":\"PropertyValueSpecification\",\"valueRequired\":true,\"valueName\":\"search_term_string\"}}],\"inLanguage\":\"fr-FR\"},{\"@type\":\"Organization\",\"@id\":\"http:\/\/agrimott.fr\/#organization\",\"name\":\"AGRIMOTT\",\"url\":\"http:\/\/agrimott.fr\/\",\"logo\":{\"@type\":\"ImageObject\",\"inLanguage\":\"fr-FR\",\"@id\":\"http:\/\/agrimott.fr\/#\/schema\/logo\/image\/\",\"url\":\"http:\/\/agrimott.fr\/wp-content\/uploads\/2024\/11\/cropped-LOGO-AGRIMOTT-NOIR-TRANSPARENT-SLOGAN.png\",\"contentUrl\":\"http:\/\/agrimott.fr\/wp-content\/uploads\/2024\/11\/cropped-LOGO-AGRIMOTT-NOIR-TRANSPARENT-SLOGAN.png\",\"width\":2997,\"height\":1498,\"caption\":\"AGRIMOTT\"},\"image\":{\"@id\":\"http:\/\/agrimott.fr\/#\/schema\/logo\/image\/\"}}]}<\/script>\n<!-- \/ Yoast SEO plugin. -->","yoast_head_json":{"title":"Vis M\u00e9taux \u00e0 T\u00eate Frais\u00e9e Bomb\u00e9e - AGRIMOTT","robots":{"index":"noindex","follow":"follow","max-snippet":"max-snippet:-1","max-image-preview":"max-image-preview:large","max-video-preview":"max-video-preview:-1"},"og_locale":"fr_FR","og_type":"article","og_title":"Vis M\u00e9taux \u00e0 T\u00eate Frais\u00e9e Bomb\u00e9e - AGRIMOTT","og_description":"Fiche Technique DIN 964","og_url":"http:\/\/agrimott.fr\/index.php\/vis-metaux-a-empreinte-fendue\/","og_site_name":"AGRIMOTT","article_modified_time":"2025-04-30T07:09:10+00:00","og_image":[{"url":"http:\/\/agrimott.fr\/wp-content\/uploads\/2024\/12\/OIP-18.jpg"}],"twitter_card":"summary_large_image","twitter_misc":{"Dur\u00e9e de lecture estim\u00e9e":"3 minutes"},"schema":{"@context":"https:\/\/schema.org","@graph":[{"@type":"WebPage","@id":"http:\/\/agrimott.fr\/index.php\/vis-metaux-a-empreinte-fendue\/","url":"http:\/\/agrimott.fr\/index.php\/vis-metaux-a-empreinte-fendue\/","name":"Vis M\u00e9taux \u00e0 T\u00eate Frais\u00e9e Bomb\u00e9e - AGRIMOTT","isPartOf":{"@id":"http:\/\/agrimott.fr\/#website"},"primaryImageOfPage":{"@id":"http:\/\/agrimott.fr\/index.php\/vis-metaux-a-empreinte-fendue\/#primaryimage"},"image":{"@id":"http:\/\/agrimott.fr\/index.php\/vis-metaux-a-empreinte-fendue\/#primaryimage"},"thumbnailUrl":"http:\/\/agrimott.fr\/wp-content\/uploads\/2024\/12\/OIP-18.jpg","datePublished":"2024-12-20T10:33:29+00:00","dateModified":"2025-04-30T07:09:10+00:00","breadcrumb":{"@id":"http:\/\/agrimott.fr\/index.php\/vis-metaux-a-empreinte-fendue\/#breadcrumb"},"inLanguage":"fr-FR","potentialAction":[{"@type":"ReadAction","target":["http:\/\/agrimott.fr\/index.php\/vis-metaux-a-empreinte-fendue\/"]}]},{"@type":"ImageObject","inLanguage":"fr-FR","@id":"http:\/\/agrimott.fr\/index.php\/vis-metaux-a-empreinte-fendue\/#primaryimage","url":"http:\/\/agrimott.fr\/wp-content\/uploads\/2024\/12\/OIP-18.jpg","contentUrl":"http:\/\/agrimott.fr\/wp-content\/uploads\/2024\/12\/OIP-18.jpg","width":474,"height":474},{"@type":"BreadcrumbList","@id":"http:\/\/agrimott.fr\/index.php\/vis-metaux-a-empreinte-fendue\/#breadcrumb","itemListElement":[{"@type":"ListItem","position":1,"name":"Accueil","item":"http:\/\/agrimott.fr\/"},{"@type":"ListItem","position":2,"name":"Vis M\u00e9taux \u00e0 T\u00eate Frais\u00e9e Bomb\u00e9e"}]},{"@type":"WebSite","@id":"http:\/\/agrimott.fr\/#website","url":"http:\/\/agrimott.fr\/","name":"AGRIMOTT","description":"","publisher":{"@id":"http:\/\/agrimott.fr\/#organization"},"potentialAction":[{"@type":"SearchAction","target":{"@type":"EntryPoint","urlTemplate":"http:\/\/agrimott.fr\/?s={search_term_string}"},"query-input":{"@type":"PropertyValueSpecification","valueRequired":true,"valueName":"search_term_string"}}],"inLanguage":"fr-FR"},{"@type":"Organization","@id":"http:\/\/agrimott.fr\/#organization","name":"AGRIMOTT","url":"http:\/\/agrimott.fr\/","logo":{"@type":"ImageObject","inLanguage":"fr-FR","@id":"http:\/\/agrimott.fr\/#\/schema\/logo\/image\/","url":"http:\/\/agrimott.fr\/wp-content\/uploads\/2024\/11\/cropped-LOGO-AGRIMOTT-NOIR-TRANSPARENT-SLOGAN.png","contentUrl":"http:\/\/agrimott.fr\/wp-content\/uploads\/2024\/11\/cropped-LOGO-AGRIMOTT-NOIR-TRANSPARENT-SLOGAN.png","width":2997,"height":1498,"caption":"AGRIMOTT"},"image":{"@id":"http:\/\/agrimott.fr\/#\/schema\/logo\/image\/"}}]}},"_links":{"self":[{"href":"http:\/\/agrimott.fr\/index.php\/wp-json\/wp\/v2\/pages\/318","targetHints":{"allow":["GET"]}}],"collection":[{"href":"http:\/\/agrimott.fr\/index.php\/wp-json\/wp\/v2\/pages"}],"about":[{"href":"http:\/\/agrimott.fr\/index.php\/wp-json\/wp\/v2\/types\/page"}],"author":[{"embeddable":true,"href":"http:\/\/agrimott.fr\/index.php\/wp-json\/wp\/v2\/users\/1"}],"replies":[{"embeddable":true,"href":"http:\/\/agrimott.fr\/index.php\/wp-json\/wp\/v2\/comments?post=318"}],"version-history":[{"count":11,"href":"http:\/\/agrimott.fr\/index.php\/wp-json\/wp\/v2\/pages\/318\/revisions"}],"predecessor-version":[{"id":1142,"href":"http:\/\/agrimott.fr\/index.php\/wp-json\/wp\/v2\/pages\/318\/revisions\/1142"}],"wp:attachment":[{"href":"http:\/\/agrimott.fr\/index.php\/wp-json\/wp\/v2\/media?parent=318"}],"curies":[{"name":"wp","href":"https:\/\/api.w.org\/{rel}","templated":true}]}}