{"id":346,"date":"2024-12-20T14:10:22","date_gmt":"2024-12-20T13:10:22","guid":{"rendered":"http:\/\/agrimott.fr\/?page_id=346"},"modified":"2025-06-05T11:42:08","modified_gmt":"2025-06-05T09:42:08","slug":"vis-a-empreinte-cylindrique","status":"publish","type":"page","link":"http:\/\/agrimott.fr\/index.php\/vis-a-empreinte-cylindrique\/","title":{"rendered":"Vis M\u00e9taux \u00e0 T\u00eate Cylindrique"},"content":{"rendered":"\n<div class=\"wp-block-columns is-layout-flex wp-container-core-columns-is-layout-9d6595d7 wp-block-columns-is-layout-flex\">\n<div class=\"wp-block-column is-layout-flow wp-block-column-is-layout-flow\">\n<div class=\"wp-block-buttons is-content-justification-center is-layout-flex wp-container-core-buttons-is-layout-16018d1d wp-block-buttons-is-layout-flex\">\n<div class=\"wp-block-button\"><a class=\"wp-block-button__link has-white-color has-cyan-bluish-gray-background-color has-text-color has-background has-link-color wp-element-button\" style=\"font-style:normal;font-weight:500\">T\u00eate Cylindrique \u00e0 Empreinte Fendue    DIN 84 Zingu\u00e9<\/a><\/div>\n<\/div>\n\n\n<div class=\"wp-block-image\">\n<figure class=\"aligncenter size-large is-resized\"><img loading=\"lazy\" decoding=\"async\" width=\"1024\" height=\"1024\" src=\"http:\/\/agrimott.fr\/wp-content\/uploads\/2024\/12\/yRioH0m0JWp9J0PfQkeslblkuh7OTWGqtOQLJ92m-1024x1024.jpg\" alt=\"\" class=\"wp-image-328\" style=\"width:250px\" srcset=\"http:\/\/agrimott.fr\/wp-content\/uploads\/2024\/12\/yRioH0m0JWp9J0PfQkeslblkuh7OTWGqtOQLJ92m-1024x1024.jpg 1024w, http:\/\/agrimott.fr\/wp-content\/uploads\/2024\/12\/yRioH0m0JWp9J0PfQkeslblkuh7OTWGqtOQLJ92m-300x300.jpg 300w, http:\/\/agrimott.fr\/wp-content\/uploads\/2024\/12\/yRioH0m0JWp9J0PfQkeslblkuh7OTWGqtOQLJ92m-150x150.jpg 150w, http:\/\/agrimott.fr\/wp-content\/uploads\/2024\/12\/yRioH0m0JWp9J0PfQkeslblkuh7OTWGqtOQLJ92m-768x768.jpg 768w, http:\/\/agrimott.fr\/wp-content\/uploads\/2024\/12\/yRioH0m0JWp9J0PfQkeslblkuh7OTWGqtOQLJ92m-1536x1536.jpg 1536w, http:\/\/agrimott.fr\/wp-content\/uploads\/2024\/12\/yRioH0m0JWp9J0PfQkeslblkuh7OTWGqtOQLJ92m.jpg 2048w\" sizes=\"auto, (max-width: 1024px) 100vw, 1024px\" \/><\/figure>\n<\/div><\/div>\n\n\n\n<div class=\"wp-block-column is-layout-flow wp-block-column-is-layout-flow\">\n<div class=\"wp-block-buttons is-layout-flex wp-block-buttons-is-layout-flex\">\n<div class=\"wp-block-button\"><a class=\"wp-block-button__link has-white-color has-pale-cyan-blue-background-color has-text-color has-background has-link-color wp-element-button\" style=\"font-style:normal;font-weight:500\">T\u00eate Cylindrique \u00e0 Empreinte Fendue    DIN 84 INOX A2<\/a><\/div>\n<\/div>\n\n\n<div class=\"wp-block-image\">\n<figure class=\"aligncenter size-full is-resized\"><img loading=\"lazy\" decoding=\"async\" width=\"400\" height=\"400\" src=\"http:\/\/agrimott.fr\/wp-content\/uploads\/2024\/12\/visserie-fixation-vis-a-metaux-metrique-tete-cylindrique-fendue-din-84-acier-inox-a2-express-service.webp\" alt=\"\" class=\"wp-image-329\" style=\"width:250px\" srcset=\"http:\/\/agrimott.fr\/wp-content\/uploads\/2024\/12\/visserie-fixation-vis-a-metaux-metrique-tete-cylindrique-fendue-din-84-acier-inox-a2-express-service.webp 400w, http:\/\/agrimott.fr\/wp-content\/uploads\/2024\/12\/visserie-fixation-vis-a-metaux-metrique-tete-cylindrique-fendue-din-84-acier-inox-a2-express-service-300x300.webp 300w, http:\/\/agrimott.fr\/wp-content\/uploads\/2024\/12\/visserie-fixation-vis-a-metaux-metrique-tete-cylindrique-fendue-din-84-acier-inox-a2-express-service-150x150.webp 150w\" sizes=\"auto, (max-width: 400px) 100vw, 400px\" \/><\/figure>\n<\/div><\/div>\n\n\n\n<div class=\"wp-block-column is-layout-flow wp-block-column-is-layout-flow\">\n<div class=\"wp-block-buttons is-layout-flex wp-block-buttons-is-layout-flex\">\n<div class=\"wp-block-button\"><a class=\"wp-block-button__link has-white-color has-vivid-cyan-blue-background-color has-text-color has-background has-link-color wp-element-button\" style=\"font-style:normal;font-weight:500\">T\u00eate Cylindrique \u00e0 Empreinte Fendue    DIN 84 INOX A4<\/a><\/div>\n<\/div>\n\n\n<div class=\"wp-block-image\">\n<figure class=\"aligncenter size-full is-resized\"><img loading=\"lazy\" decoding=\"async\" width=\"400\" height=\"400\" src=\"http:\/\/agrimott.fr\/wp-content\/uploads\/2024\/12\/visserie-fixation-vis-a-metaux-metrique-tete-cylindrique-fendue-din-84-acier-inox-a2-express-service.webp\" alt=\"\" class=\"wp-image-329\" style=\"width:250px\" srcset=\"http:\/\/agrimott.fr\/wp-content\/uploads\/2024\/12\/visserie-fixation-vis-a-metaux-metrique-tete-cylindrique-fendue-din-84-acier-inox-a2-express-service.webp 400w, http:\/\/agrimott.fr\/wp-content\/uploads\/2024\/12\/visserie-fixation-vis-a-metaux-metrique-tete-cylindrique-fendue-din-84-acier-inox-a2-express-service-300x300.webp 300w, http:\/\/agrimott.fr\/wp-content\/uploads\/2024\/12\/visserie-fixation-vis-a-metaux-metrique-tete-cylindrique-fendue-din-84-acier-inox-a2-express-service-150x150.webp 150w\" sizes=\"auto, (max-width: 400px) 100vw, 400px\" \/><\/figure>\n<\/div><\/div>\n<\/div>\n\n\n\n<p class=\"has-text-align-center has-medium-font-size\"><strong>Fiche Technique DIN 84<\/strong><\/p>\n\n\n<div class=\"wp-block-image\">\n<figure class=\"aligncenter size-large is-resized\"><img loading=\"lazy\" decoding=\"async\" width=\"881\" height=\"1024\" src=\"http:\/\/agrimott.fr\/wp-content\/uploads\/2025\/02\/7892481-881x1024.jpg\" alt=\"\" class=\"wp-image-486\" style=\"width:594px;height:auto\" srcset=\"http:\/\/agrimott.fr\/wp-content\/uploads\/2025\/02\/7892481-881x1024.jpg 881w, http:\/\/agrimott.fr\/wp-content\/uploads\/2025\/02\/7892481-258x300.jpg 258w, http:\/\/agrimott.fr\/wp-content\/uploads\/2025\/02\/7892481-768x893.jpg 768w, http:\/\/agrimott.fr\/wp-content\/uploads\/2025\/02\/7892481-800x930.jpg 800w, http:\/\/agrimott.fr\/wp-content\/uploads\/2025\/02\/7892481.jpg 1241w\" sizes=\"auto, (max-width: 881px) 100vw, 881px\" \/><\/figure>\n<\/div>\n\n\n<p><\/p>\n\n\n\n<div class=\"wp-block-buttons is-layout-flex wp-block-buttons-is-layout-flex\">\n<div class=\"wp-block-button\"><a class=\"wp-block-button__link wp-element-button\">T\u00eate Large Cylindrique \u00e0 empreinte fendue DIN 85 INOX A2<\/a><\/div>\n<\/div>\n\n\n<div class=\"wp-block-image\">\n<figure class=\"aligncenter size-full is-resized\"><img loading=\"lazy\" decoding=\"async\" width=\"550\" height=\"271\" src=\"http:\/\/agrimott.fr\/wp-content\/uploads\/2024\/12\/vis-metaux-tete-cylindrique-large-fendue-inox-a2-din-85-iso-1580-62211-pmod1.jpg\" alt=\"\" class=\"wp-image-333\" style=\"width:355px;height:auto\" srcset=\"http:\/\/agrimott.fr\/wp-content\/uploads\/2024\/12\/vis-metaux-tete-cylindrique-large-fendue-inox-a2-din-85-iso-1580-62211-pmod1.jpg 550w, http:\/\/agrimott.fr\/wp-content\/uploads\/2024\/12\/vis-metaux-tete-cylindrique-large-fendue-inox-a2-din-85-iso-1580-62211-pmod1-300x148.jpg 300w\" sizes=\"auto, (max-width: 550px) 100vw, 550px\" \/><figcaption class=\"wp-element-caption\"><strong>INOX A2<\/strong><\/figcaption><\/figure>\n<\/div>\n\n\n<p><\/p>\n\n\n\n<div class=\"wp-block-buttons is-layout-flex wp-block-buttons-is-layout-flex\">\n<div class=\"wp-block-button\"><a class=\"wp-block-button__link wp-element-button\">Fiche Technique DIN 85<\/a><\/div>\n<\/div>\n\n\n<div class=\"wp-block-image\">\n<figure class=\"aligncenter size-full is-resized\"><img loading=\"lazy\" decoding=\"async\" width=\"474\" height=\"447\" src=\"http:\/\/agrimott.fr\/wp-content\/uploads\/2025\/02\/OIP-23.jpg\" alt=\"\" class=\"wp-image-487\" style=\"width:534px;height:auto\" srcset=\"http:\/\/agrimott.fr\/wp-content\/uploads\/2025\/02\/OIP-23.jpg 474w, http:\/\/agrimott.fr\/wp-content\/uploads\/2025\/02\/OIP-23-300x283.jpg 300w\" sizes=\"auto, (max-width: 474px) 100vw, 474px\" \/><\/figure>\n<\/div>\n\n\n<p><\/p>\n\n\n\n<div class=\"wp-block-buttons is-layout-flex wp-block-buttons-is-layout-flex\">\n<div class=\"wp-block-button\"><a class=\"wp-block-button__link wp-element-button\">T\u00eate Cylindrique \u00e0 empreinte cruciforme DIN 7985 Zingu\u00e9<\/a><\/div>\n<\/div>\n\n\n<div class=\"wp-block-image\">\n<figure class=\"aligncenter size-full is-resized\"><img loading=\"lazy\" decoding=\"async\" width=\"474\" height=\"474\" src=\"http:\/\/agrimott.fr\/wp-content\/uploads\/2024\/12\/OIP-17.jpg\" alt=\"\" class=\"wp-image-341\" style=\"width:323px;height:auto\" srcset=\"http:\/\/agrimott.fr\/wp-content\/uploads\/2024\/12\/OIP-17.jpg 474w, http:\/\/agrimott.fr\/wp-content\/uploads\/2024\/12\/OIP-17-300x300.jpg 300w, http:\/\/agrimott.fr\/wp-content\/uploads\/2024\/12\/OIP-17-150x150.jpg 150w\" sizes=\"auto, (max-width: 474px) 100vw, 474px\" \/><\/figure>\n<\/div>\n\n\n<div class=\"wp-block-buttons is-layout-flex wp-block-buttons-is-layout-flex\">\n<div class=\"wp-block-button\"><a class=\"wp-block-button__link wp-element-button\">T\u00eate Cylindrique \u00e0 empreinte cruciforme DIN 7985 INOX A2<\/a><\/div>\n<\/div>\n\n\n<div class=\"wp-block-image\">\n<figure class=\"aligncenter size-full is-resized\"><img loading=\"lazy\" decoding=\"async\" width=\"800\" height=\"800\" src=\"http:\/\/agrimott.fr\/wp-content\/uploads\/2024\/12\/TCBLHA2-0000.jpg\" alt=\"\" class=\"wp-image-343\" style=\"width:331px;height:auto\" srcset=\"http:\/\/agrimott.fr\/wp-content\/uploads\/2024\/12\/TCBLHA2-0000.jpg 800w, http:\/\/agrimott.fr\/wp-content\/uploads\/2024\/12\/TCBLHA2-0000-300x300.jpg 300w, http:\/\/agrimott.fr\/wp-content\/uploads\/2024\/12\/TCBLHA2-0000-150x150.jpg 150w, http:\/\/agrimott.fr\/wp-content\/uploads\/2024\/12\/TCBLHA2-0000-768x768.jpg 768w\" sizes=\"auto, (max-width: 800px) 100vw, 800px\" \/><figcaption class=\"wp-element-caption\"><strong>INOX A2<\/strong><\/figcaption><\/figure>\n<\/div>\n\n\n<div class=\"wp-block-buttons is-layout-flex wp-block-buttons-is-layout-flex\">\n<div class=\"wp-block-button\"><a class=\"wp-block-button__link wp-element-button\">T\u00eate Cylindrique \u00e0 empreinte cruciforme DIN 7985 INOX A4<\/a><\/div>\n<\/div>\n\n\n<div class=\"wp-block-image\">\n<figure class=\"aligncenter size-full is-resized\"><img loading=\"lazy\" decoding=\"async\" width=\"800\" height=\"800\" src=\"http:\/\/agrimott.fr\/wp-content\/uploads\/2024\/12\/TCBLHA2-0000.jpg\" alt=\"\" class=\"wp-image-343\" style=\"width:331px;height:auto\" srcset=\"http:\/\/agrimott.fr\/wp-content\/uploads\/2024\/12\/TCBLHA2-0000.jpg 800w, http:\/\/agrimott.fr\/wp-content\/uploads\/2024\/12\/TCBLHA2-0000-300x300.jpg 300w, http:\/\/agrimott.fr\/wp-content\/uploads\/2024\/12\/TCBLHA2-0000-150x150.jpg 150w, http:\/\/agrimott.fr\/wp-content\/uploads\/2024\/12\/TCBLHA2-0000-768x768.jpg 768w\" sizes=\"auto, (max-width: 800px) 100vw, 800px\" \/><figcaption class=\"wp-element-caption\"><strong>INOX A4<\/strong><\/figcaption><\/figure>\n<\/div>\n\n\n<div class=\"wp-block-buttons is-layout-flex wp-block-buttons-is-layout-flex\">\n<div class=\"wp-block-button\"><a class=\"wp-block-button__link wp-element-button\">T\u00eate Cylindrique \u00e0 empreinte TX DIN 7985 INOX A2<\/a><\/div>\n<\/div>\n\n\n<div class=\"wp-block-image\">\n<figure class=\"aligncenter size-full is-resized\"><img loading=\"lazy\" decoding=\"async\" width=\"590\" height=\"590\" src=\"http:\/\/agrimott.fr\/wp-content\/uploads\/2024\/12\/TCBLXDINA4-0001-1.jpg\" alt=\"\" class=\"wp-image-374\" style=\"width:306px;height:auto\" srcset=\"http:\/\/agrimott.fr\/wp-content\/uploads\/2024\/12\/TCBLXDINA4-0001-1.jpg 590w, http:\/\/agrimott.fr\/wp-content\/uploads\/2024\/12\/TCBLXDINA4-0001-1-300x300.jpg 300w, http:\/\/agrimott.fr\/wp-content\/uploads\/2024\/12\/TCBLXDINA4-0001-1-150x150.jpg 150w\" sizes=\"auto, (max-width: 590px) 100vw, 590px\" \/><\/figure>\n<\/div>\n\n\n<p class=\"has-text-align-center\"><\/p>\n\n\n\n<div class=\"wp-block-buttons is-layout-flex wp-block-buttons-is-layout-flex\">\n<div class=\"wp-block-button\"><a class=\"wp-block-button__link wp-element-button\">Fiche Technique DIN 7985<\/a><\/div>\n<\/div>\n\n\n<div class=\"wp-block-image\">\n<figure class=\"aligncenter size-full is-resized\"><img loading=\"lazy\" decoding=\"async\" width=\"474\" height=\"515\" src=\"http:\/\/agrimott.fr\/wp-content\/uploads\/2025\/02\/OIP-24.jpg\" alt=\"\" class=\"wp-image-488\" style=\"width:428px;height:auto\" srcset=\"http:\/\/agrimott.fr\/wp-content\/uploads\/2025\/02\/OIP-24.jpg 474w, http:\/\/agrimott.fr\/wp-content\/uploads\/2025\/02\/OIP-24-276x300.jpg 276w\" sizes=\"auto, (max-width: 474px) 100vw, 474px\" \/><\/figure>\n<\/div>\n\n\n<p class=\"has-text-align-center\"><\/p>\n","protected":false},"excerpt":{"rendered":"<p>Fiche Technique DIN 84<\/p>\n","protected":false},"author":1,"featured_media":0,"parent":0,"menu_order":0,"comment_status":"closed","ping_status":"closed","template":"","meta":{"footnotes":""},"class_list":["post-346","page","type-page","status-publish","hentry"],"yoast_head":"<!-- This site is optimized with the Yoast SEO plugin v23.9 - https:\/\/yoast.com\/wordpress\/plugins\/seo\/ -->\n<title>Vis M\u00e9taux \u00e0 T\u00eate Cylindrique - AGRIMOTT<\/title>\n<meta name=\"robots\" content=\"noindex, follow, max-snippet:-1, max-image-preview:large, max-video-preview:-1\" \/>\n<meta property=\"og:locale\" content=\"fr_FR\" \/>\n<meta property=\"og:type\" content=\"article\" \/>\n<meta property=\"og:title\" content=\"Vis M\u00e9taux \u00e0 T\u00eate Cylindrique - AGRIMOTT\" \/>\n<meta property=\"og:description\" content=\"Fiche Technique DIN 84\" \/>\n<meta property=\"og:url\" content=\"http:\/\/agrimott.fr\/index.php\/vis-a-empreinte-cylindrique\/\" \/>\n<meta property=\"og:site_name\" content=\"AGRIMOTT\" \/>\n<meta property=\"article:modified_time\" content=\"2025-06-05T09:42:08+00:00\" \/>\n<meta property=\"og:image\" content=\"http:\/\/agrimott.fr\/wp-content\/uploads\/2024\/12\/yRioH0m0JWp9J0PfQkeslblkuh7OTWGqtOQLJ92m-1024x1024.jpg\" \/>\n<meta name=\"twitter:card\" content=\"summary_large_image\" \/>\n<meta name=\"twitter:label1\" content=\"Dur\u00e9e de lecture estim\u00e9e\" \/>\n\t<meta name=\"twitter:data1\" content=\"3 minutes\" \/>\n<script type=\"application\/ld+json\" class=\"yoast-schema-graph\">{\"@context\":\"https:\/\/schema.org\",\"@graph\":[{\"@type\":\"WebPage\",\"@id\":\"http:\/\/agrimott.fr\/index.php\/vis-a-empreinte-cylindrique\/\",\"url\":\"http:\/\/agrimott.fr\/index.php\/vis-a-empreinte-cylindrique\/\",\"name\":\"Vis M\u00e9taux \u00e0 T\u00eate Cylindrique - AGRIMOTT\",\"isPartOf\":{\"@id\":\"http:\/\/agrimott.fr\/#website\"},\"primaryImageOfPage\":{\"@id\":\"http:\/\/agrimott.fr\/index.php\/vis-a-empreinte-cylindrique\/#primaryimage\"},\"image\":{\"@id\":\"http:\/\/agrimott.fr\/index.php\/vis-a-empreinte-cylindrique\/#primaryimage\"},\"thumbnailUrl\":\"http:\/\/agrimott.fr\/wp-content\/uploads\/2024\/12\/yRioH0m0JWp9J0PfQkeslblkuh7OTWGqtOQLJ92m-1024x1024.jpg\",\"datePublished\":\"2024-12-20T13:10:22+00:00\",\"dateModified\":\"2025-06-05T09:42:08+00:00\",\"breadcrumb\":{\"@id\":\"http:\/\/agrimott.fr\/index.php\/vis-a-empreinte-cylindrique\/#breadcrumb\"},\"inLanguage\":\"fr-FR\",\"potentialAction\":[{\"@type\":\"ReadAction\",\"target\":[\"http:\/\/agrimott.fr\/index.php\/vis-a-empreinte-cylindrique\/\"]}]},{\"@type\":\"ImageObject\",\"inLanguage\":\"fr-FR\",\"@id\":\"http:\/\/agrimott.fr\/index.php\/vis-a-empreinte-cylindrique\/#primaryimage\",\"url\":\"http:\/\/agrimott.fr\/wp-content\/uploads\/2024\/12\/yRioH0m0JWp9J0PfQkeslblkuh7OTWGqtOQLJ92m.jpg\",\"contentUrl\":\"http:\/\/agrimott.fr\/wp-content\/uploads\/2024\/12\/yRioH0m0JWp9J0PfQkeslblkuh7OTWGqtOQLJ92m.jpg\",\"width\":2048,\"height\":2048},{\"@type\":\"BreadcrumbList\",\"@id\":\"http:\/\/agrimott.fr\/index.php\/vis-a-empreinte-cylindrique\/#breadcrumb\",\"itemListElement\":[{\"@type\":\"ListItem\",\"position\":1,\"name\":\"Accueil\",\"item\":\"http:\/\/agrimott.fr\/\"},{\"@type\":\"ListItem\",\"position\":2,\"name\":\"Vis M\u00e9taux \u00e0 T\u00eate Cylindrique\"}]},{\"@type\":\"WebSite\",\"@id\":\"http:\/\/agrimott.fr\/#website\",\"url\":\"http:\/\/agrimott.fr\/\",\"name\":\"AGRIMOTT\",\"description\":\"\",\"publisher\":{\"@id\":\"http:\/\/agrimott.fr\/#organization\"},\"potentialAction\":[{\"@type\":\"SearchAction\",\"target\":{\"@type\":\"EntryPoint\",\"urlTemplate\":\"http:\/\/agrimott.fr\/?s={search_term_string}\"},\"query-input\":{\"@type\":\"PropertyValueSpecification\",\"valueRequired\":true,\"valueName\":\"search_term_string\"}}],\"inLanguage\":\"fr-FR\"},{\"@type\":\"Organization\",\"@id\":\"http:\/\/agrimott.fr\/#organization\",\"name\":\"AGRIMOTT\",\"url\":\"http:\/\/agrimott.fr\/\",\"logo\":{\"@type\":\"ImageObject\",\"inLanguage\":\"fr-FR\",\"@id\":\"http:\/\/agrimott.fr\/#\/schema\/logo\/image\/\",\"url\":\"http:\/\/agrimott.fr\/wp-content\/uploads\/2024\/11\/cropped-LOGO-AGRIMOTT-NOIR-TRANSPARENT-SLOGAN.png\",\"contentUrl\":\"http:\/\/agrimott.fr\/wp-content\/uploads\/2024\/11\/cropped-LOGO-AGRIMOTT-NOIR-TRANSPARENT-SLOGAN.png\",\"width\":2997,\"height\":1498,\"caption\":\"AGRIMOTT\"},\"image\":{\"@id\":\"http:\/\/agrimott.fr\/#\/schema\/logo\/image\/\"}}]}<\/script>\n<!-- \/ Yoast SEO plugin. -->","yoast_head_json":{"title":"Vis M\u00e9taux \u00e0 T\u00eate Cylindrique - AGRIMOTT","robots":{"index":"noindex","follow":"follow","max-snippet":"max-snippet:-1","max-image-preview":"max-image-preview:large","max-video-preview":"max-video-preview:-1"},"og_locale":"fr_FR","og_type":"article","og_title":"Vis M\u00e9taux \u00e0 T\u00eate Cylindrique - AGRIMOTT","og_description":"Fiche Technique DIN 84","og_url":"http:\/\/agrimott.fr\/index.php\/vis-a-empreinte-cylindrique\/","og_site_name":"AGRIMOTT","article_modified_time":"2025-06-05T09:42:08+00:00","og_image":[{"url":"http:\/\/agrimott.fr\/wp-content\/uploads\/2024\/12\/yRioH0m0JWp9J0PfQkeslblkuh7OTWGqtOQLJ92m-1024x1024.jpg"}],"twitter_card":"summary_large_image","twitter_misc":{"Dur\u00e9e de lecture estim\u00e9e":"3 minutes"},"schema":{"@context":"https:\/\/schema.org","@graph":[{"@type":"WebPage","@id":"http:\/\/agrimott.fr\/index.php\/vis-a-empreinte-cylindrique\/","url":"http:\/\/agrimott.fr\/index.php\/vis-a-empreinte-cylindrique\/","name":"Vis M\u00e9taux \u00e0 T\u00eate Cylindrique - AGRIMOTT","isPartOf":{"@id":"http:\/\/agrimott.fr\/#website"},"primaryImageOfPage":{"@id":"http:\/\/agrimott.fr\/index.php\/vis-a-empreinte-cylindrique\/#primaryimage"},"image":{"@id":"http:\/\/agrimott.fr\/index.php\/vis-a-empreinte-cylindrique\/#primaryimage"},"thumbnailUrl":"http:\/\/agrimott.fr\/wp-content\/uploads\/2024\/12\/yRioH0m0JWp9J0PfQkeslblkuh7OTWGqtOQLJ92m-1024x1024.jpg","datePublished":"2024-12-20T13:10:22+00:00","dateModified":"2025-06-05T09:42:08+00:00","breadcrumb":{"@id":"http:\/\/agrimott.fr\/index.php\/vis-a-empreinte-cylindrique\/#breadcrumb"},"inLanguage":"fr-FR","potentialAction":[{"@type":"ReadAction","target":["http:\/\/agrimott.fr\/index.php\/vis-a-empreinte-cylindrique\/"]}]},{"@type":"ImageObject","inLanguage":"fr-FR","@id":"http:\/\/agrimott.fr\/index.php\/vis-a-empreinte-cylindrique\/#primaryimage","url":"http:\/\/agrimott.fr\/wp-content\/uploads\/2024\/12\/yRioH0m0JWp9J0PfQkeslblkuh7OTWGqtOQLJ92m.jpg","contentUrl":"http:\/\/agrimott.fr\/wp-content\/uploads\/2024\/12\/yRioH0m0JWp9J0PfQkeslblkuh7OTWGqtOQLJ92m.jpg","width":2048,"height":2048},{"@type":"BreadcrumbList","@id":"http:\/\/agrimott.fr\/index.php\/vis-a-empreinte-cylindrique\/#breadcrumb","itemListElement":[{"@type":"ListItem","position":1,"name":"Accueil","item":"http:\/\/agrimott.fr\/"},{"@type":"ListItem","position":2,"name":"Vis M\u00e9taux \u00e0 T\u00eate Cylindrique"}]},{"@type":"WebSite","@id":"http:\/\/agrimott.fr\/#website","url":"http:\/\/agrimott.fr\/","name":"AGRIMOTT","description":"","publisher":{"@id":"http:\/\/agrimott.fr\/#organization"},"potentialAction":[{"@type":"SearchAction","target":{"@type":"EntryPoint","urlTemplate":"http:\/\/agrimott.fr\/?s={search_term_string}"},"query-input":{"@type":"PropertyValueSpecification","valueRequired":true,"valueName":"search_term_string"}}],"inLanguage":"fr-FR"},{"@type":"Organization","@id":"http:\/\/agrimott.fr\/#organization","name":"AGRIMOTT","url":"http:\/\/agrimott.fr\/","logo":{"@type":"ImageObject","inLanguage":"fr-FR","@id":"http:\/\/agrimott.fr\/#\/schema\/logo\/image\/","url":"http:\/\/agrimott.fr\/wp-content\/uploads\/2024\/11\/cropped-LOGO-AGRIMOTT-NOIR-TRANSPARENT-SLOGAN.png","contentUrl":"http:\/\/agrimott.fr\/wp-content\/uploads\/2024\/11\/cropped-LOGO-AGRIMOTT-NOIR-TRANSPARENT-SLOGAN.png","width":2997,"height":1498,"caption":"AGRIMOTT"},"image":{"@id":"http:\/\/agrimott.fr\/#\/schema\/logo\/image\/"}}]}},"_links":{"self":[{"href":"http:\/\/agrimott.fr\/index.php\/wp-json\/wp\/v2\/pages\/346","targetHints":{"allow":["GET"]}}],"collection":[{"href":"http:\/\/agrimott.fr\/index.php\/wp-json\/wp\/v2\/pages"}],"about":[{"href":"http:\/\/agrimott.fr\/index.php\/wp-json\/wp\/v2\/types\/page"}],"author":[{"embeddable":true,"href":"http:\/\/agrimott.fr\/index.php\/wp-json\/wp\/v2\/users\/1"}],"replies":[{"embeddable":true,"href":"http:\/\/agrimott.fr\/index.php\/wp-json\/wp\/v2\/comments?post=346"}],"version-history":[{"count":12,"href":"http:\/\/agrimott.fr\/index.php\/wp-json\/wp\/v2\/pages\/346\/revisions"}],"predecessor-version":[{"id":1336,"href":"http:\/\/agrimott.fr\/index.php\/wp-json\/wp\/v2\/pages\/346\/revisions\/1336"}],"wp:attachment":[{"href":"http:\/\/agrimott.fr\/index.php\/wp-json\/wp\/v2\/media?parent=346"}],"curies":[{"name":"wp","href":"https:\/\/api.w.org\/{rel}","templated":true}]}}